{"id":2067,"date":"2021-03-12T14:03:37","date_gmt":"2021-03-12T12:03:37","guid":{"rendered":"https:\/\/stirpe.fi\/?page_id=2067"},"modified":"2021-03-16T09:21:52","modified_gmt":"2021-03-16T07:21:52","slug":"yritys","status":"publish","type":"page","link":"https:\/\/stirpe.fi\/fi\/yritys\/","title":{"rendered":"Yritys"},"content":{"rendered":"","protected":false},"excerpt":{"rendered":"","protected":false},"author":1,"featured_media":0,"parent":0,"menu_order":0,"comment_status":"closed","ping_status":"closed","template":"","meta":{"_acf_changed":false,"footnotes":""},"class_list":["post-2067","page","type-page","status-publish","hentry"],"acf":[],"yoast_head":"<!-- This site is optimized with the Yoast SEO plugin v27.5 - https:\/\/yoast.com\/product\/yoast-seo-wordpress\/ -->\n<title>Yritys - Oy Stirpe Ab<\/title>\n<meta name=\"robots\" content=\"index, follow, max-snippet:-1, max-image-preview:large, max-video-preview:-1\" \/>\n<link rel=\"canonical\" href=\"https:\/\/stirpe.fi\/fi\/yritys\/\" \/>\n<meta property=\"og:locale\" content=\"fi_FI\" \/>\n<meta property=\"og:type\" content=\"article\" \/>\n<meta property=\"og:title\" content=\"Yritys - Oy Stirpe Ab\" \/>\n<meta property=\"og:url\" content=\"https:\/\/stirpe.fi\/fi\/yritys\/\" \/>\n<meta property=\"og:site_name\" content=\"Oy Stirpe Ab\" \/>\n<meta property=\"article:publisher\" content=\"https:\/\/www.facebook.com\/Stirpe-123117527873250\/?ref=page_internal\" \/>\n<meta property=\"article:modified_time\" content=\"2021-03-16T07:21:52+00:00\" \/>\n<meta property=\"og:image\" content=\"https:\/\/stirpe.fi\/wp-content\/uploads\/2020\/12\/stirpe_etusivu_banneri.jpg\" \/>\n\t<meta property=\"og:image:width\" content=\"2382\" \/>\n\t<meta property=\"og:image:height\" content=\"1684\" \/>\n\t<meta property=\"og:image:type\" content=\"image\/jpeg\" \/>\n<meta name=\"twitter:card\" content=\"summary_large_image\" \/>\n<script type=\"application\/ld+json\" class=\"yoast-schema-graph\">{\"@context\":\"https:\\\/\\\/schema.org\",\"@graph\":[{\"@type\":\"WebPage\",\"@id\":\"https:\\\/\\\/stirpe.fi\\\/fi\\\/yritys\\\/\",\"url\":\"https:\\\/\\\/stirpe.fi\\\/fi\\\/yritys\\\/\",\"name\":\"Yritys - Oy Stirpe Ab\",\"isPartOf\":{\"@id\":\"https:\\\/\\\/stirpe.fi\\\/fi\\\/#website\"},\"datePublished\":\"2021-03-12T12:03:37+00:00\",\"dateModified\":\"2021-03-16T07:21:52+00:00\",\"breadcrumb\":{\"@id\":\"https:\\\/\\\/stirpe.fi\\\/fi\\\/yritys\\\/#breadcrumb\"},\"inLanguage\":\"fi\",\"potentialAction\":[{\"@type\":\"ReadAction\",\"target\":[\"https:\\\/\\\/stirpe.fi\\\/fi\\\/yritys\\\/\"]}]},{\"@type\":\"BreadcrumbList\",\"@id\":\"https:\\\/\\\/stirpe.fi\\\/fi\\\/yritys\\\/#breadcrumb\",\"itemListElement\":[{\"@type\":\"ListItem\",\"position\":1,\"name\":\"Etusivu\",\"item\":\"https:\\\/\\\/stirpe.fi\\\/fi\\\/\"},{\"@type\":\"ListItem\",\"position\":2,\"name\":\"Yritys\"}]},{\"@type\":\"WebSite\",\"@id\":\"https:\\\/\\\/stirpe.fi\\\/fi\\\/#website\",\"url\":\"https:\\\/\\\/stirpe.fi\\\/fi\\\/\",\"name\":\"Oy Stirpe Ab\",\"description\":\"Liukuovet ja s\u00e4ilytysj\u00e4rjestelm\u00e4t\",\"publisher\":{\"@id\":\"https:\\\/\\\/stirpe.fi\\\/fi\\\/#organization\"},\"potentialAction\":[{\"@type\":\"SearchAction\",\"target\":{\"@type\":\"EntryPoint\",\"urlTemplate\":\"https:\\\/\\\/stirpe.fi\\\/fi\\\/?s={search_term_string}\"},\"query-input\":{\"@type\":\"PropertyValueSpecification\",\"valueRequired\":true,\"valueName\":\"search_term_string\"}}],\"inLanguage\":\"fi\"},{\"@type\":\"Organization\",\"@id\":\"https:\\\/\\\/stirpe.fi\\\/fi\\\/#organization\",\"name\":\"Oy Stirpe Ab\",\"url\":\"https:\\\/\\\/stirpe.fi\\\/fi\\\/\",\"logo\":{\"@type\":\"ImageObject\",\"inLanguage\":\"fi\",\"@id\":\"https:\\\/\\\/stirpe.fi\\\/fi\\\/#\\\/schema\\\/logo\\\/image\\\/\",\"url\":\"https:\\\/\\\/stirpe.fi\\\/wp-content\\\/uploads\\\/2020\\\/12\\\/stirpe_logo.png\",\"contentUrl\":\"https:\\\/\\\/stirpe.fi\\\/wp-content\\\/uploads\\\/2020\\\/12\\\/stirpe_logo.png\",\"width\":240,\"height\":53,\"caption\":\"Oy Stirpe Ab\"},\"image\":{\"@id\":\"https:\\\/\\\/stirpe.fi\\\/fi\\\/#\\\/schema\\\/logo\\\/image\\\/\"},\"sameAs\":[\"https:\\\/\\\/www.facebook.com\\\/Stirpe-123117527873250\\\/?ref=page_internal\"]}]}<\/script>\n<!-- \/ Yoast SEO plugin. -->","yoast_head_json":{"title":"Yritys - Oy Stirpe Ab","robots":{"index":"index","follow":"follow","max-snippet":"max-snippet:-1","max-image-preview":"max-image-preview:large","max-video-preview":"max-video-preview:-1"},"canonical":"https:\/\/stirpe.fi\/fi\/yritys\/","og_locale":"fi_FI","og_type":"article","og_title":"Yritys - Oy Stirpe Ab","og_url":"https:\/\/stirpe.fi\/fi\/yritys\/","og_site_name":"Oy Stirpe Ab","article_publisher":"https:\/\/www.facebook.com\/Stirpe-123117527873250\/?ref=page_internal","article_modified_time":"2021-03-16T07:21:52+00:00","og_image":[{"width":2382,"height":1684,"url":"https:\/\/stirpe.fi\/wp-content\/uploads\/2020\/12\/stirpe_etusivu_banneri.jpg","type":"image\/jpeg"}],"twitter_card":"summary_large_image","schema":{"@context":"https:\/\/schema.org","@graph":[{"@type":"WebPage","@id":"https:\/\/stirpe.fi\/fi\/yritys\/","url":"https:\/\/stirpe.fi\/fi\/yritys\/","name":"Yritys - Oy Stirpe Ab","isPartOf":{"@id":"https:\/\/stirpe.fi\/fi\/#website"},"datePublished":"2021-03-12T12:03:37+00:00","dateModified":"2021-03-16T07:21:52+00:00","breadcrumb":{"@id":"https:\/\/stirpe.fi\/fi\/yritys\/#breadcrumb"},"inLanguage":"fi","potentialAction":[{"@type":"ReadAction","target":["https:\/\/stirpe.fi\/fi\/yritys\/"]}]},{"@type":"BreadcrumbList","@id":"https:\/\/stirpe.fi\/fi\/yritys\/#breadcrumb","itemListElement":[{"@type":"ListItem","position":1,"name":"Etusivu","item":"https:\/\/stirpe.fi\/fi\/"},{"@type":"ListItem","position":2,"name":"Yritys"}]},{"@type":"WebSite","@id":"https:\/\/stirpe.fi\/fi\/#website","url":"https:\/\/stirpe.fi\/fi\/","name":"Oy Stirpe Ab","description":"Liukuovet ja s\u00e4ilytysj\u00e4rjestelm\u00e4t","publisher":{"@id":"https:\/\/stirpe.fi\/fi\/#organization"},"potentialAction":[{"@type":"SearchAction","target":{"@type":"EntryPoint","urlTemplate":"https:\/\/stirpe.fi\/fi\/?s={search_term_string}"},"query-input":{"@type":"PropertyValueSpecification","valueRequired":true,"valueName":"search_term_string"}}],"inLanguage":"fi"},{"@type":"Organization","@id":"https:\/\/stirpe.fi\/fi\/#organization","name":"Oy Stirpe Ab","url":"https:\/\/stirpe.fi\/fi\/","logo":{"@type":"ImageObject","inLanguage":"fi","@id":"https:\/\/stirpe.fi\/fi\/#\/schema\/logo\/image\/","url":"https:\/\/stirpe.fi\/wp-content\/uploads\/2020\/12\/stirpe_logo.png","contentUrl":"https:\/\/stirpe.fi\/wp-content\/uploads\/2020\/12\/stirpe_logo.png","width":240,"height":53,"caption":"Oy Stirpe Ab"},"image":{"@id":"https:\/\/stirpe.fi\/fi\/#\/schema\/logo\/image\/"},"sameAs":["https:\/\/www.facebook.com\/Stirpe-123117527873250\/?ref=page_internal"]}]}},"_links":{"self":[{"href":"https:\/\/stirpe.fi\/fi\/wp-json\/wp\/v2\/pages\/2067","targetHints":{"allow":["GET"]}}],"collection":[{"href":"https:\/\/stirpe.fi\/fi\/wp-json\/wp\/v2\/pages"}],"about":[{"href":"https:\/\/stirpe.fi\/fi\/wp-json\/wp\/v2\/types\/page"}],"author":[{"embeddable":true,"href":"https:\/\/stirpe.fi\/fi\/wp-json\/wp\/v2\/users\/1"}],"replies":[{"embeddable":true,"href":"https:\/\/stirpe.fi\/fi\/wp-json\/wp\/v2\/comments?post=2067"}],"version-history":[{"count":2,"href":"https:\/\/stirpe.fi\/fi\/wp-json\/wp\/v2\/pages\/2067\/revisions"}],"predecessor-version":[{"id":2072,"href":"https:\/\/stirpe.fi\/fi\/wp-json\/wp\/v2\/pages\/2067\/revisions\/2072"}],"wp:attachment":[{"href":"https:\/\/stirpe.fi\/fi\/wp-json\/wp\/v2\/media?parent=2067"}],"curies":[{"name":"wp","href":"https:\/\/api.w.org\/{rel}","templated":true}]}}